{"id":594,"date":"2023-03-07T14:27:56","date_gmt":"2023-03-07T17:27:56","guid":{"rendered":"https:\/\/dentaldigitalsolutions.com.br\/dr-joao-grossi-short-resume\/"},"modified":"2023-09-19T12:32:04","modified_gmt":"2023-09-19T15:32:04","slug":"dr-joao-grossi-short-resume","status":"publish","type":"page","link":"https:\/\/dentaldigitalsolutions.com.br\/en\/dr-joao-grossi-short-resume\/","title":{"rendered":"Dr. jo\u00e3o Grossi short resume"},"content":{"rendered":"<div id=\"cs-content\" class=\"cs-content\"><\/div>\n","protected":false},"excerpt":{"rendered":"<p>TECHNICAL MANAGER DR. JO\u00c3O GROSSIDoutorado em Odontologia, \u00eanfase em Implantodontia (2017)Mestrado em Odontologia Cl\u00ednica, \u00eanfase em Implantodontia (2010)Especialidade em Periodontia (2003)P\u00f3s-Gradua\u00e7\u00e3o em Implantes Dentais e Cirurgias Maiores (1998) Gradua\u00e7\u00e3o em &#8230; <\/p>\n<div><a href=\"https:\/\/dentaldigitalsolutions.com.br\/en\/dr-joao-grossi-short-resume\/\" class=\"more-link\">Read More<\/a><\/div>\n","protected":false},"author":1,"featured_media":0,"parent":0,"menu_order":0,"comment_status":"closed","ping_status":"closed","template":"template-blank-4.php","meta":[],"_links":{"self":[{"href":"https:\/\/dentaldigitalsolutions.com.br\/en\/wp-json\/wp\/v2\/pages\/594"}],"collection":[{"href":"https:\/\/dentaldigitalsolutions.com.br\/en\/wp-json\/wp\/v2\/pages"}],"about":[{"href":"https:\/\/dentaldigitalsolutions.com.br\/en\/wp-json\/wp\/v2\/types\/page"}],"author":[{"embeddable":true,"href":"https:\/\/dentaldigitalsolutions.com.br\/en\/wp-json\/wp\/v2\/users\/1"}],"replies":[{"embeddable":true,"href":"https:\/\/dentaldigitalsolutions.com.br\/en\/wp-json\/wp\/v2\/comments?post=594"}],"version-history":[{"count":1,"href":"https:\/\/dentaldigitalsolutions.com.br\/en\/wp-json\/wp\/v2\/pages\/594\/revisions"}],"predecessor-version":[{"id":595,"href":"https:\/\/dentaldigitalsolutions.com.br\/en\/wp-json\/wp\/v2\/pages\/594\/revisions\/595"}],"wp:attachment":[{"href":"https:\/\/dentaldigitalsolutions.com.br\/en\/wp-json\/wp\/v2\/media?parent=594"}],"curies":[{"name":"wp","href":"https:\/\/api.w.org\/{rel}","templated":true}]}}